{"id":465,"date":"2021-02-25T19:16:39","date_gmt":"2021-02-25T19:16:39","guid":{"rendered":"https:\/\/wethemez.com\/wordpress\/facilio\/?page_id=465"},"modified":"2023-01-06T17:41:22","modified_gmt":"2023-01-06T17:41:22","slug":"accueil-2","status":"publish","type":"page","link":"https:\/\/bbconsulting-trading.com\/","title":{"rendered":"ACCEUIL"},"content":{"rendered":"\t\t<div data-elementor-type=\"wp-page\" data-elementor-id=\"465\" class=\"elementor elementor-465\">\n\t\t\t\t\t\t<section class=\"elementor-section elementor-top-section elementor-element elementor-element-00ecbe2 elementor-section-full_width elementor-section-height-default elementor-section-height-default\" data-id=\"00ecbe2\" data-element_type=\"section\" data-e-type=\"section\">\n\t\t\t\t\t\t<div class=\"elementor-container elementor-column-gap-default\">\n\t\t\t\t\t<div class=\"elementor-column elementor-col-100 elementor-top-column elementor-element elementor-element-5d5a588\" data-id=\"5d5a588\" data-element_type=\"column\" data-e-type=\"column\">\n\t\t\t<div class=\"elementor-widget-wrap elementor-element-populated\">\n\t\t\t\t\t\t<div class=\"elementor-element elementor-element-c9fb6d2 e-transform elementor-widget elementor-widget-facilio-homepreview\" data-id=\"c9fb6d2\" data-element_type=\"widget\" data-e-type=\"widget\" data-settings=\"{&quot;_animation&quot;:&quot;none&quot;,&quot;_transform_rotateZ_effect&quot;:{&quot;unit&quot;:&quot;px&quot;,&quot;size&quot;:-224,&quot;sizes&quot;:[]},&quot;_transform_rotate_3d&quot;:&quot;yes&quot;,&quot;_transform_rotateZ_effect_tablet&quot;:{&quot;unit&quot;:&quot;deg&quot;,&quot;size&quot;:&quot;&quot;,&quot;sizes&quot;:[]},&quot;_transform_rotateZ_effect_mobile&quot;:{&quot;unit&quot;:&quot;deg&quot;,&quot;size&quot;:&quot;&quot;,&quot;sizes&quot;:[]},&quot;_transform_rotateX_effect&quot;:{&quot;unit&quot;:&quot;px&quot;,&quot;size&quot;:&quot;&quot;,&quot;sizes&quot;:[]},&quot;_transform_rotateX_effect_tablet&quot;:{&quot;unit&quot;:&quot;deg&quot;,&quot;size&quot;:&quot;&quot;,&quot;sizes&quot;:[]},&quot;_transform_rotateX_effect_mobile&quot;:{&quot;unit&quot;:&quot;deg&quot;,&quot;size&quot;:&quot;&quot;,&quot;sizes&quot;:[]},&quot;_transform_rotateY_effect&quot;:{&quot;unit&quot;:&quot;px&quot;,&quot;size&quot;:&quot;&quot;,&quot;sizes&quot;:[]},&quot;_transform_rotateY_effect_tablet&quot;:{&quot;unit&quot;:&quot;deg&quot;,&quot;size&quot;:&quot;&quot;,&quot;sizes&quot;:[]},&quot;_transform_rotateY_effect_mobile&quot;:{&quot;unit&quot;:&quot;deg&quot;,&quot;size&quot;:&quot;&quot;,&quot;sizes&quot;:[]},&quot;_transform_perspective_effect&quot;:{&quot;unit&quot;:&quot;px&quot;,&quot;size&quot;:&quot;&quot;,&quot;sizes&quot;:[]},&quot;_transform_perspective_effect_tablet&quot;:{&quot;unit&quot;:&quot;px&quot;,&quot;size&quot;:&quot;&quot;,&quot;sizes&quot;:[]},&quot;_transform_perspective_effect_mobile&quot;:{&quot;unit&quot;:&quot;px&quot;,&quot;size&quot;:&quot;&quot;,&quot;sizes&quot;:[]}}\" data-widget_type=\"facilio-homepreview.default\">\n\t\t\t\t<div class=\"elementor-widget-container\">\n\t\t\t\t\t                    <section class=\"saas_banner_area\">\n                <div class=\"container\">\n                    <div class=\"row\">\n                        <div class=\"col-lg-8\">\n                            <div class=\"saas_banner_content\">\n                                <h2 class=\"wow fadeInUp\">Notre mission<\/h2>\n                                <h5 class=\"wow fadeInUp\" data-wow-delay=\"0.2s\">Mettre \u00e0 disposition de nos clients [mandants] notre r\u00e9seau, notre persuasion et nos conseils ainsi que notre sens de la communication, organisation et ind\u00e9pendance<\/h5>\n                                <p class=\"wow fadeInUp\" data-wow-delay=\"0.4s\"><\/p>\n                                <div class=\"saas_banner_btn d-none\">\n\n                                                                            <a href=\"#\" class=\"video_btn popup-youtube wow fadeInLeft\" data-wow-delay=\"0.5s\">EN SAVOIR PLUS <i class=\"fa fa-caret-right\"><\/i><\/a>\n                                    \n\n                                    <a href=\"#\" class=\"get_btn wow fadeInRight\" data-wow-delay=\"0.7s\"><\/a>\n                                <\/div>\n                            <\/div>\n                        <\/div>\n                        <div class=\"col-lg-4\">\n                            <div class=\"saas_b_img\">\n                                <img decoding=\"async\" src=\"https:\/\/bbconsulting-trading.com\/wp-content\/uploads\/2022\/12\/man-top-home-complet.png\" alt=\"\">\n                                <img decoding=\"async\" class=\"man\" src=\"https:\/\/bbconsulting-trading.com\/wp-content\/uploads\/2022\/08\/clients.png\" alt=\"\">\n                                <img decoding=\"async\" class=\"women\" src=\"\" alt=\"\">\n                                <img decoding=\"async\" class=\"logo\" src=\"\" alt=\"\">\n                            <\/div>\n                        <\/div>\n                    <\/div>\n                <\/div>\n            <\/section>\n        \t\t\t\t<\/div>\n\t\t\t\t<\/div>\n\t\t\t\t\t<\/div>\n\t\t<\/div>\n\t\t\t\t\t<\/div>\n\t\t<\/section>\n\t\t\t\t<section class=\"elementor-section elementor-top-section elementor-element elementor-element-5d964f9 elementor-section-full_width elementor-section-height-default elementor-section-height-default\" data-id=\"5d964f9\" data-element_type=\"section\" data-e-type=\"section\">\n\t\t\t\t\t\t<div class=\"elementor-container elementor-column-gap-default\">\n\t\t\t\t\t<div class=\"elementor-column elementor-col-100 elementor-top-column elementor-element elementor-element-cb9d12b\" data-id=\"cb9d12b\" data-element_type=\"column\" data-e-type=\"column\">\n\t\t\t<div class=\"elementor-widget-wrap elementor-element-populated\">\n\t\t\t\t\t\t<div class=\"elementor-element elementor-element-d442388 elementor-widget elementor-widget-facilio-works\" data-id=\"d442388\" data-element_type=\"widget\" data-e-type=\"widget\" data-widget_type=\"facilio-works.default\">\n\t\t\t\t<div class=\"elementor-widget-container\">\n\t\t\t\t\t        \r\n        <section class=\"works_area sec_pad\">\r\n            <div class=\"container\">\r\n                <div class=\"saas_title text-center\">\r\n                     <h2 class=\"s_t_color wow fadeInUp\"> NOS PRINCIPAUX SERVICES <\/h2>                      <p class=\"wow fadeInUp\" data-wow-delay=\"0.3s\"> Trading international et Consulting<br \/> <\/p>                 <\/div>\r\n                <div class=\"row work_info\">\r\n                                        <div class=\"col-lg-3 col-md-6 wow fadeInLeft\">\r\n                        <div class=\"work_item\">\r\n                            <h3 class=\"s_t_color\">Trading<\/h3>\r\n                            <p>Achetez et vendrez des actifs financiers sur diff\u00e9rents march\u00e9s (actions, devises, mati\u00e8res premi\u00e8res, produits d\u00e9riv\u00e9s) et  gagnez de l'argent en r\u00e9alisant une plus-value<\/p>                                                            <img decoding=\"async\" src=\"https:\/\/bbconsulting-trading.com\/wp-content\/uploads\/2022\/12\/international_099h76eaz77o_128.png\" alt=\"NOS PRINCIPAUX SERVICES\">\r\n                                                    <\/div>\r\n                    <\/div>\r\n                                        <div class=\"col-lg-3 col-md-6 wow fadeInLeft\">\r\n                        <div class=\"work_item\">\r\n                            <h3 class=\"s_t_color\">N\u00e9goce<\/h3>\r\n                            <p>Un service d'interm\u00e9diation r\u00e9actif pour importer vos produits en toute s\u00e9curit\u00e9. Confiez-nous votre recherche, on vous trouve le bon fournisseur \u00e0 l'international. <\/p>                                                            <img decoding=\"async\" src=\"https:\/\/bbconsulting-trading.com\/wp-content\/uploads\/2022\/12\/team_dmzn5f0ml0ss_128.png\" alt=\"NOS PRINCIPAUX SERVICES\">\r\n                                                    <\/div>\r\n                    <\/div>\r\n                                        <div class=\"col-lg-3 col-md-6 wow fadeInLeft\">\r\n                        <div class=\"work_item\">\r\n                            <h3 class=\"s_t_color\">strat\u00e9gies<\/h3>\r\n                            <p>mise en \u0153uvre de moyens marketing et commerciaux coordonn\u00e9s qui vont vous permettre de conqu\u00e9rir de nouveaux clients\u2026 et donc de booster les ventes. <\/p>                                                            <img decoding=\"async\" src=\"https:\/\/bbconsulting-trading.com\/wp-content\/uploads\/2022\/12\/pense_uuuhey31p6og_128.png\" alt=\"NOS PRINCIPAUX SERVICES\">\r\n                                                    <\/div>\r\n                    <\/div>\r\n                                        <div class=\"col-lg-3 col-md-6 wow fadeInLeft\">\r\n                        <div class=\"work_item\">\r\n                            <h3 class=\"s_t_color\">Consulting<\/h3>\r\n                            <p>V\u00e9ritable expert des march\u00e9s, nous vous donnons des conseils pointus afin de d\u00e9velopper votre portefeuille \u00e0 l'international ou pour vous aider \u00e0 vous implanter \u00e0 l'\u00e9tranger. <\/p>                                                            <img decoding=\"async\" src=\"https:\/\/bbconsulting-trading.com\/wp-content\/uploads\/2022\/12\/consulting_42wvd8lepinm_128.png\" alt=\"NOS PRINCIPAUX SERVICES\">\r\n                                                    <\/div>\r\n                    <\/div>\r\n                                    <\/div>\r\n            <\/div>\r\n        <\/section>\r\n            \t\t\t\t<\/div>\n\t\t\t\t<\/div>\n\t\t\t\t\t<\/div>\n\t\t<\/div>\n\t\t\t\t\t<\/div>\n\t\t<\/section>\n\t\t\t\t<section class=\"elementor-section elementor-top-section elementor-element elementor-element-bc48a36 elementor-section-full_width elementor-section-height-default elementor-section-height-default\" data-id=\"bc48a36\" data-element_type=\"section\" data-e-type=\"section\">\n\t\t\t\t\t\t<div class=\"elementor-container elementor-column-gap-default\">\n\t\t\t\t\t<div class=\"elementor-column elementor-col-100 elementor-top-column elementor-element elementor-element-03bb772\" data-id=\"03bb772\" data-element_type=\"column\" data-e-type=\"column\">\n\t\t\t<div class=\"elementor-widget-wrap elementor-element-populated\">\n\t\t\t\t\t\t<div class=\"elementor-element elementor-element-45b4cdf elementor-widget elementor-widget-facilio-compare\" data-id=\"45b4cdf\" data-element_type=\"widget\" data-e-type=\"widget\" data-widget_type=\"facilio-compare.default\">\n\t\t\t\t<div class=\"elementor-widget-container\">\n\t\t\t\t\t        <section class=\"saas_service_area sec_pad\">\n            <div class=\"container\">\n                <div class=\"saas_title text-center\">\n                    <h2 class=\"s_t_color wow fadeInUp\">Notre expertise<\/h2>\n                    <p class=\"wow fadeInUp\" data-wow-delay=\"0.3s\">BB CONSULTING met \u00e0 votre disposition une multitude de services afin de vous aider dans vos projets internationaux. Chaque service est soigneusement \u00e9tudi\u00e9 afin de s\u2019adapter \u00e0 votre besoin en mati\u00e8re de D\u00e9veloppement Commercial, d'exportation,etc.<\/p>\n                <\/div>\n                <div class=\"row\">\n                    <div class=\"col-lg-4 d-flex align-items-center\">\n                        <div class=\"saas_service_info\">\n                                                        <div class=\"media saas_service_item flex-row-reverse wow fadeInUp\" data-wow-delay=\"0.2s\">\n                                <div class=\"icon\">\n                                    <i class=\"ti-key\"><\/i>\n                                <\/div>\n                                <div class=\"media-body\">\n                                    <h4 class=\"s_t_color\">Strat\u00e9gie marketing<\/h4>\n                                                                    <\/div>\n                            <\/div>\n                                                        <div class=\"media saas_service_item flex-row-reverse wow fadeInUp\" data-wow-delay=\"0.2s\">\n                                <div class=\"icon\">\n                                    <i class=\"ti-tag\"><\/i>\n                                <\/div>\n                                <div class=\"media-body\">\n                                    <h4 class=\"s_t_color\">Assistance technique<\/h4>\n                                                                    <\/div>\n                            <\/div>\n                                                        <div class=\"media saas_service_item flex-row-reverse wow fadeInUp\" data-wow-delay=\"0.2s\">\n                                <div class=\"icon\">\n                                    <i class=\"ti-pie-chart\"><\/i>\n                                <\/div>\n                                <div class=\"media-body\">\n                                    <h4 class=\"s_t_color\">Gestion de fonds<\/h4>\n                                                                    <\/div>\n                            <\/div>\n                                                        <div class=\"media saas_service_item flex-row-reverse wow fadeInUp\" data-wow-delay=\"0.2s\">\n                                <div class=\"icon\">\n                                    <i class=\"ti-target\"><\/i>\n                                <\/div>\n                                <div class=\"media-body\">\n                                    <h4 class=\"s_t_color\">Etudes cibl\u00e9es<\/h4>\n                                                                    <\/div>\n                            <\/div>\n                            \n                        <\/div>\n                    <\/div>\n                    <div class=\"col-lg-4 d-flex align-items-center justify-content-center\">\n                        <div class=\"saas_service_img wow zoomIn\">\n                            <img decoding=\"async\" src=\"https:\/\/bbconsulting-trading.com\/wp-content\/uploads\/2022\/12\/Consulting-Services.jpeg\" alt=\"Notre expertise\">\n                        <\/div>\n                    <\/div>\n                    <div class=\"col-lg-4 d-flex align-items-center\">\n                        <div class=\"saas_service_info\">\n                                                        <div class=\"media saas_service_item wow fadeInUp\" data-wow-delay=\"0.3s\">\n                                <div class=\"icon yellow\">\n                                    <i class=\"fa fa-lightbulb-o\"><\/i>\n                                <\/div>\n                                <div class=\"media-body\">\n                                    <h4 class=\"s_t_color\">Strat\u00e9gie commerciale<\/h4>\n                                                                    <\/div>\n                            <\/div>\n                                                        <div class=\"media saas_service_item wow fadeInUp\" data-wow-delay=\"0.3s\">\n                                <div class=\"icon yellow\">\n                                    <i class=\"fa fa-bullseye\"><\/i>\n                                <\/div>\n                                <div class=\"media-body\">\n                                    <h4 class=\"s_t_color\">Plans de prospection<\/h4>\n                                                                    <\/div>\n                            <\/div>\n                                                        <div class=\"media saas_service_item wow fadeInUp\" data-wow-delay=\"0.3s\">\n                                <div class=\"icon yellow\">\n                                    <i class=\"fa fa-ship\"><\/i>\n                                <\/div>\n                                <div class=\"media-body\">\n                                    <h4 class=\"s_t_color\">Diagnostic \u00e0 l&#039;export<\/h4>\n                                                                    <\/div>\n                            <\/div>\n                                                        <div class=\"media saas_service_item wow fadeInUp\" data-wow-delay=\"0.3s\">\n                                <div class=\"icon yellow\">\n                                    <i class=\"fa fa-briefcase\"><\/i>\n                                <\/div>\n                                <div class=\"media-body\">\n                                    <h4 class=\"s_t_color\">Representation internationale<\/h4>\n                                                                    <\/div>\n                            <\/div>\n                            \n                        <\/div>\n                    <\/div>\n                <\/div>\n            <\/div>\n        <\/section>\n        \t\t\t\t<\/div>\n\t\t\t\t<\/div>\n\t\t\t\t\t<\/div>\n\t\t<\/div>\n\t\t\t\t\t<\/div>\n\t\t<\/section>\n\t\t\t\t<section class=\"elementor-section elementor-top-section elementor-element elementor-element-ba71dbe elementor-section-full_width elementor-section-height-default elementor-section-height-default\" data-id=\"ba71dbe\" data-element_type=\"section\" data-e-type=\"section\">\n\t\t\t\t\t\t<div class=\"elementor-container elementor-column-gap-default\">\n\t\t\t\t\t<div class=\"elementor-column elementor-col-100 elementor-top-column elementor-element elementor-element-9a65008\" data-id=\"9a65008\" data-element_type=\"column\" data-e-type=\"column\">\n\t\t\t<div class=\"elementor-widget-wrap elementor-element-populated\">\n\t\t\t\t\t\t<div class=\"elementor-element elementor-element-d026dbe elementor-widget elementor-widget-facilio-counterup\" data-id=\"d026dbe\" data-element_type=\"widget\" data-e-type=\"widget\" data-widget_type=\"facilio-counterup.default\">\n\t\t\t\t<div class=\"elementor-widget-container\">\n\t\t\t\t\t                    <section class=\"saas_fun_fact_area\">\n                <div class=\"container\">\n                    <div class=\"row\">\n                                                        <div class=\"col-lg-3 col-md-4 col-sm-6\">\n                                    <div class=\"saas_fan_fact_item wow fadeInUp\" data-wow-delay=\"0.1s\">\n                                        <i class=\"fa fa-history\"><\/i>\n                                        <h6>CUMUL EXPERIENCE<\/h6>\n                                        <div class=\"counter\">120<\/div>\n                                    <\/div>\n                                <\/div>\n                                                                <div class=\"col-lg-3 col-md-4 col-sm-6\">\n                                    <div class=\"saas_fan_fact_item wow fadeInUp\" data-wow-delay=\"0.1s\">\n                                        <i class=\"fa fa-laptop\"><\/i>\n                                        <h6>DOSSIERS TRAIT\u00c9S<\/h6>\n                                        <div class=\"counter\">1500<\/div>\n                                    <\/div>\n                                <\/div>\n                                                                <div class=\"col-lg-3 col-md-4 col-sm-6\">\n                                    <div class=\"saas_fan_fact_item wow fadeInUp\" data-wow-delay=\"0.1s\">\n                                        <i class=\"fa fa-smile-o\"><\/i>\n                                        <h6>IMPACTS  SUR LES C.A<\/h6>\n                                        <div class=\"counter\">5600K<\/div>\n                                    <\/div>\n                                <\/div>\n                                                                <div class=\"col-lg-3 col-md-4 col-sm-6\">\n                                    <div class=\"saas_fan_fact_item wow fadeInUp\" data-wow-delay=\"0.1s\">\n                                        <i class=\"fa fa-thumbs-up\"><\/i>\n                                        <h6>CLIENTS SATISFAITS<\/h6>\n                                        <div class=\"counter\">125<\/div>\n                                    <\/div>\n                                <\/div>\n                                                    <\/div>\n                <\/div>\n            <\/section>\n            \t\t\t\t<\/div>\n\t\t\t\t<\/div>\n\t\t\t\t\t<\/div>\n\t\t<\/div>\n\t\t\t\t\t<\/div>\n\t\t<\/section>\n\t\t\t\t<section class=\"elementor-section elementor-top-section elementor-element elementor-element-08c795e elementor-section-boxed elementor-section-height-default elementor-section-height-default\" data-id=\"08c795e\" data-element_type=\"section\" data-e-type=\"section\">\n\t\t\t\t\t\t<div class=\"elementor-container elementor-column-gap-default\">\n\t\t\t\t\t<div class=\"elementor-column elementor-col-100 elementor-top-column elementor-element elementor-element-dcf32ac\" data-id=\"dcf32ac\" data-element_type=\"column\" data-e-type=\"column\">\n\t\t\t<div class=\"elementor-widget-wrap elementor-element-populated\">\n\t\t\t\t\t\t<div class=\"elementor-element elementor-element-24a48e6 elementor-widget elementor-widget-facilio-experience\" data-id=\"24a48e6\" data-element_type=\"widget\" data-e-type=\"widget\" data-widget_type=\"facilio-experience.default\">\n\t\t\t\t<div class=\"elementor-widget-container\">\n\t\t\t\t\t                <section class=\"app_function_area sec_pad\">\n            <img decoding=\"async\" class=\"polygon_img\" data-parallax='{\"y\": 800,\"rotateZ\": 90}' src=\"https:\/\/bbconsulting-trading.com\/wp-content\/plugins\/facilio-core\/widgets\/images\/app\/Polygon.png\" alt=\"\">\n            <img decoding=\"async\" class=\"round_img\" data-parallax='{\"y\": -500,\"x\": -90}' src=\"https:\/\/bbconsulting-trading.com\/wp-content\/plugins\/facilio-core\/widgets\/images\/app\/round_shap.png\" alt=\"\">\n            <div class=\"container\">\n                <div class=\"saas_title text-center\">\n                    <h2 class=\"s_t_color wow fadeInUp\"><span>A partir de notre exp\u00e9rience, notre r\u00e9seau et notre savoir faire, nous permettons \u00e0 nos clients de gagner plus, en chiffre d'affaire, en clients et efficacit\u00e9<\/span><\/h2>                                     <\/div>\n                                <div class=\"row app_function_item elementor-repeater-item-4c2e3b9 flex-row-reverse app_f_two\">\n                    <div class=\"col-lg-6 d-flex align-items-center\">\n                        <div class=\"app_function_content\">\n                            <img decoding=\"async\" class=\"wow fadeInUp\" src=\"https:\/\/bbconsulting-trading.com\/wp-content\/uploads\/2020\/10\/service1.png\" alt=\"\">\n                            <h2 class=\"wow fadeInUp\" data-wow-delay=\"0.1s\"><\/h2>\n                            <p class=\"wow fadeInUp\" data-wow-delay=\"0.2s\"><\/p>\n                            <a href=\"\" class=\"app_btn br_radious5 wow fadeInUp\"><\/a>\n                        <\/div>\n                    <\/div>\n                    <div class=\"col-lg-6\">\n                        <div class=\"app_function_img text-right\">\n                            <img decoding=\"async\" class=\"back_img\" src=\"https:\/\/bbconsulting-trading.com\/wp-content\/plugins\/facilio-core\/widgets\/images\/app\/features_img_shape1.png\" alt=\"\">\n                            <img decoding=\"async\" class=\"font_img\" data-parallax='{\"y\": -50}' src=\"\" alt=\"\">\n                        <\/div>\n                    <\/div>\n                <\/div>\n                            <\/div>\n        <\/section>\n        \t\t\t\t<\/div>\n\t\t\t\t<\/div>\n\t\t\t\t\t<\/div>\n\t\t<\/div>\n\t\t\t\t\t<\/div>\n\t\t<\/section>\n\t\t\t\t<\/div>\n\t\t","protected":false},"excerpt":{"rendered":"<p>Notre mission Mettre \u00e0 disposition de nos clients [mandants] notre r\u00e9seau, notre persuasion et nos conseils ainsi que notre sens de la communication, organisation et ind\u00e9pendance EN SAVOIR PLUS NOS PRINCIPAUX SERVICES Trading international et Consulting Trading Achetez et vendrez des actifs financiers sur diff\u00e9rents march\u00e9s (actions, devises, mati\u00e8res premi\u00e8res, produits d\u00e9riv\u00e9s) et gagnez de [&hellip;]<\/p>\n","protected":false},"author":1,"featured_media":0,"parent":0,"menu_order":0,"comment_status":"closed","ping_status":"closed","template":"elementor_header_footer","meta":{"_acf_changed":false,"footnotes":""},"class_list":["post-465","page","type-page","status-publish","hentry"],"acf":[],"_links":{"self":[{"href":"https:\/\/bbconsulting-trading.com\/index.php\/wp-json\/wp\/v2\/pages\/465","targetHints":{"allow":["GET"]}}],"collection":[{"href":"https:\/\/bbconsulting-trading.com\/index.php\/wp-json\/wp\/v2\/pages"}],"about":[{"href":"https:\/\/bbconsulting-trading.com\/index.php\/wp-json\/wp\/v2\/types\/page"}],"author":[{"embeddable":true,"href":"https:\/\/bbconsulting-trading.com\/index.php\/wp-json\/wp\/v2\/users\/1"}],"replies":[{"embeddable":true,"href":"https:\/\/bbconsulting-trading.com\/index.php\/wp-json\/wp\/v2\/comments?post=465"}],"version-history":[{"count":90,"href":"https:\/\/bbconsulting-trading.com\/index.php\/wp-json\/wp\/v2\/pages\/465\/revisions"}],"predecessor-version":[{"id":1441,"href":"https:\/\/bbconsulting-trading.com\/index.php\/wp-json\/wp\/v2\/pages\/465\/revisions\/1441"}],"wp:attachment":[{"href":"https:\/\/bbconsulting-trading.com\/index.php\/wp-json\/wp\/v2\/media?parent=465"}],"curies":[{"name":"wp","href":"https:\/\/api.w.org\/{rel}","templated":true}]}}